{"id":3,"date":"2021-11-28T15:10:35","date_gmt":"2021-11-28T14:10:35","guid":{"rendered":"http:\/\/airside-ventilation.com\/?page_id=3"},"modified":"2022-01-06T12:57:43","modified_gmt":"2022-01-06T11:57:43","slug":"privacy-policy","status":"publish","type":"page","link":"https:\/\/airside-ventilation.com\/nl\/privacy-policy\/","title":{"rendered":"Politique de confidentialit\u00e9"},"content":{"rendered":"<h2 class=\"wp-block-heading\">Qui sommes-nous&nbsp;?<\/h2>\n\n\n\n<p>Le propri\u00e9taire et l&#8217;exploitant du site Web www.airside-ventilation.com est la soci\u00e9t\u00e9 AIRSIDE VENTILATION ci-apr\u00e8s d\u00e9nomm\u00e9(e) l&#8217; &#8220;Entreprise&#8221;.<\/p>\n\n\n\n<h2 class=\"wp-block-heading\">Utilisation des donn\u00e9es personnelles collect\u00e9es<\/h2>\n\n\n\n<h3 class=\"wp-block-heading\">Formulaires de contact<\/h3>\n\n\n\n<p>Toute donn\u00e9e \u00e0 caract\u00e8re personnel concernant le Client telle que d\u00e9finie par le R\u00e8glement europ\u00e9en sur la protection des donn\u00e9es 2016\/679 (RGPD) est trait\u00e9e dans le respect de ce R\u00e8glement. Ces donn\u00e9es sont trait\u00e9es et conserv\u00e9es uniquement pour la bonne ex\u00e9cution de la relation contractuelle entre les parties et ne sont, en aucun cas, transmises \u00e0 des tiers pour toute autre finalit\u00e9.<\/p>\n\n\n\n<p>Les donn\u00e9es conserv\u00e9es par l\u2019Entreprise via le formulaire de contact sont les suivantes: <br><em>Nom, pr\u00e9nom, adresse e-mail, nom de l&#8217;entreprise, num\u00e9ro de t\u00e9l\u00e9phone.<\/em><\/p>\n\n\n\n<p>Le Client dispose de la possibilit\u00e9 de s\u2019opposer, sur simple demande et gratuitement, au traitement de ses donn\u00e9es personnelles, pour des raisons s\u00e9rieuses et l\u00e9gitimes, sauf si cette opposition rend impossible la bonne ex\u00e9cution de la relation contractuelle entre les parties.<\/p>\n\n\n\n<p>L\u2019Entreprise pourra divulguer \u00e0 des tiers des informations personnelles sur requ\u00eate de toute autorit\u00e9 l\u00e9galement autoris\u00e9e \u00e0 en faire la demande. L\u2019Entreprise peut \u00e9galement les divulguer si cette transmission est requise, en toute bonne foi, pour se conformer aux lois et r\u00e8glements, pour prot\u00e9ger ou d\u00e9fendre ses droits ou ses biens.<\/p>\n\n\n\n<h3 class=\"wp-block-heading\">Cookies<\/h3>\n\n\n\n<p>Si vous vous rendez sur la page de connexion, un cookie temporaire sera cr\u00e9\u00e9 afin de d\u00e9terminer si votre navigateur accepte les cookies. Il ne contient pas de donn\u00e9es personnelles et sera supprim\u00e9 automatiquement \u00e0 la fermeture de votre navigateur.<\/p>\n\n\n\n<p>Lorsque vous vous connecterez, nous mettrons en place un certain nombre de cookies pour enregistrer vos informations de connexion et vos pr\u00e9f\u00e9rences d\u2019\u00e9cran. La dur\u00e9e de vie d\u2019un cookie de connexion est de deux jours, celle d\u2019un cookie d\u2019option d\u2019\u00e9cran est d\u2019un an. Si vous cochez \u00ab&nbsp;Se souvenir de moi&nbsp;\u00bb, votre cookie de connexion sera conserv\u00e9 pendant deux semaines. Si vous vous d\u00e9connectez de votre compte, le cookie de connexion sera effac\u00e9.<\/p>\n\n\n\n<p>En modifiant ou en publiant une publication, un cookie suppl\u00e9mentaire sera enregistr\u00e9 dans votre navigateur. Ce cookie ne comprend aucune donn\u00e9e personnelle. Il indique simplement l\u2019ID de la publication que vous venez de modifier. Il expire au bout d\u2019un jour.<\/p>\n\n\n\n<h3 class=\"wp-block-heading\">Contenu embarqu\u00e9 depuis d\u2019autres sites<\/h3>\n\n\n\n<p>Les pages de ce site peuvent inclure des contenus int\u00e9gr\u00e9s (par exemple des vid\u00e9os, images, articles\u2026). Le contenu int\u00e9gr\u00e9 depuis d\u2019autres sites se comporte de la m\u00eame mani\u00e8re que si le visiteur se rendait sur cet autre site.<\/p>\n\n\n\n<p>Ces sites web pourraient collecter des donn\u00e9es sur vous, utiliser des cookies, embarquer des outils de suivis tiers, suivre vos interactions avec ces contenus embarqu\u00e9s si vous disposez d\u2019un compte connect\u00e9 sur leur site web.<\/p>","protected":false},"excerpt":{"rendered":"<p>Qui sommes-nous&nbsp;? Le propri\u00e9taire et l&#8217;exploitant du site Web www.airside-ventilation.com est la soci\u00e9t\u00e9 AIRSIDE VENTILATION ci-apr\u00e8s d\u00e9nomm\u00e9(e) l&#8217; &#8220;Entreprise&#8221;. Utilisation des donn\u00e9es personnelles collect\u00e9es Formulaires de contact Toute donn\u00e9e \u00e0 caract\u00e8re personnel concernant le Client telle que d\u00e9finie par le R\u00e8glement europ\u00e9en sur la protection des donn\u00e9es 2016\/679 (RGPD) est trait\u00e9e dans le respect de&#8230;<\/p>","protected":false},"author":1,"featured_media":0,"parent":0,"menu_order":0,"comment_status":"closed","ping_status":"closed","template":"","meta":{"rank_math_lock_modified_date":false,"inline_featured_image":false,"_kad_post_transparent":"","_kad_post_title":"","_kad_post_layout":"","_kad_post_sidebar_id":"","_kad_post_content_style":"","_kad_post_vertical_padding":"","_kad_post_feature":"","_kad_post_feature_position":"","_kad_post_header":false,"_kad_post_footer":false,"footnotes":""},"class_list":["post-3","page","type-page","status-publish","hentry"],"_links":{"self":[{"href":"https:\/\/airside-ventilation.com\/nl\/wp-json\/wp\/v2\/pages\/3","targetHints":{"allow":["GET"]}}],"collection":[{"href":"https:\/\/airside-ventilation.com\/nl\/wp-json\/wp\/v2\/pages"}],"about":[{"href":"https:\/\/airside-ventilation.com\/nl\/wp-json\/wp\/v2\/types\/page"}],"author":[{"embeddable":true,"href":"https:\/\/airside-ventilation.com\/nl\/wp-json\/wp\/v2\/users\/1"}],"replies":[{"embeddable":true,"href":"https:\/\/airside-ventilation.com\/nl\/wp-json\/wp\/v2\/comments?post=3"}],"version-history":[{"count":3,"href":"https:\/\/airside-ventilation.com\/nl\/wp-json\/wp\/v2\/pages\/3\/revisions"}],"predecessor-version":[{"id":1232,"href":"https:\/\/airside-ventilation.com\/nl\/wp-json\/wp\/v2\/pages\/3\/revisions\/1232"}],"wp:attachment":[{"href":"https:\/\/airside-ventilation.com\/nl\/wp-json\/wp\/v2\/media?parent=3"}],"curies":[{"name":"wp","href":"https:\/\/api.w.org\/{rel}","templated":true}]}}